{"id":135,"date":"2023-03-07T12:50:50","date_gmt":"2023-03-07T09:50:50","guid":{"rendered":"https:\/\/anatomimuze.com\/en\/?page_id=135"},"modified":"2024-02-12T14:30:04","modified_gmt":"2024-02-12T11:30:04","slug":"inside-the-museum","status":"publish","type":"page","link":"https:\/\/anatomimuze.com\/en\/inside-the-museum\/","title":{"rendered":"INSIDE THE MUSEUM"},"content":{"rendered":"<div data-colibri-id=\"135-c1\" class=\"style-279 style-local-135-c1 position-relative\">\n  <!---->\n  <div data-colibri-component=\"section\" data-colibri-id=\"135-c2\" id=\"custom\" class=\"h-section h-section-global-spacing d-flex align-items-lg-center align-items-md-center align-items-center style-280 style-local-135-c2 position-relative\">\n    <!---->\n    <!---->\n    <div class=\"h-section-grid-container h-section-boxed-container\">\n      <!---->\n      <div data-colibri-id=\"135-c3\" class=\"h-row-container gutters-row-lg-2 gutters-row-md-2 gutters-row-0 gutters-row-v-lg-2 gutters-row-v-md-2 gutters-row-v-2 style-281 style-local-135-c3 position-relative\">\n        <!---->\n        <div class=\"h-row justify-content-lg-center justify-content-md-center justify-content-center align-items-lg-stretch align-items-md-stretch align-items-stretch gutters-col-lg-2 gutters-col-md-2 gutters-col-0 gutters-col-v-lg-2 gutters-col-v-md-2 gutters-col-v-2\">\n          <!---->\n          <div class=\"h-column h-column-container d-flex h-col-lg-auto h-col-md-auto h-col-auto style-282-outer style-local-135-c4-outer\">\n            <div data-colibri-id=\"135-c4\" class=\"d-flex h-flex-basis h-column__inner h-px-lg-2 h-px-md-2 h-px-2 v-inner-lg-2 v-inner-md-2 v-inner-2 style-282 style-local-135-c4 position-relative\">\n              <!---->\n              <!---->\n              <div class=\"w-100 h-y-container h-column__content h-column__v-align flex-basis-100 align-self-lg-start align-self-md-start align-self-start\">\n                <!---->\n                <div data-colibri-id=\"135-c5\" class=\"h-text h-text-component style-283 style-local-135-c5 position-relative h-element\">\n                  <!---->\n                  <!---->\n                  <div class=\"\">\n                    <p><span style=\"font-family: Arial, Arial_EmbeddedFont, Arial_MSFontService, sans-serif; font-size: 11pt;\">AVAM consists of 4 exhibition rooms and an atelier. These sections were designed to provide a convenient studying area for veterinary students. Beside that the specimens were prepared and demonstrated coherent and aesthetically. Therefore anyone that visits the museum can understand easily.&nbsp;<\/span><\/p>\n                    <p><span style=\"font-family: Arial, Arial_EmbeddedFont, Arial_MSFontService, sans-serif; font-size: 11pt;\">&nbsp;Specimens for osteology, arthrology, myology and then digestive, respiratory, urogenital and nervous systems are indicated respectively in our museum. Besides, embalmed animals, taxidermy specimens, plastinates and various designs are also demonstrated in AVAM.&nbsp; Different type of samples belong to the endangered species are also being demonstrated. Finally, to provide an insight to the visitors, the museum atelier has also been opened to visit.&nbsp;<\/span><\/p>\n                    <p><span style=\"font-family: Arial, Arial_EmbeddedFont, Arial_MSFontService, sans-serif; font-size: 11pt;\">&nbsp;550 specimens belonged to 70 different species have being demonstrated in our museum. The oldest ones are more than 80 years old. The 92% of the specimens are made of real tissues or organs. <\/span>\n                      <strong\n                        style=\"font-family: Arial, Arial_EmbeddedFont, Arial_MSFontService, sans-serif; font-size: 11pt;\">However, no animals were harmed during the preparation process of the specimens<\/strong><span style=\"font-family: Arial, Arial_EmbeddedFont, Arial_MSFontService, sans-serif; font-size: 11pt;\">. Samples have been obtained as dead from necropsy labs, experimental animal labs, zoos, breeding farms and national parks.&nbsp;<\/span><\/p>\n                    <p><span style=\"font-family: Arial, Arial_EmbeddedFont, Arial_MSFontService, sans-serif; font-size: 11pt;\">&nbsp;The most of the specimens have not only a scientific importance but also have historical stories. For instance, the famous turkey which had been presented by Harry TRUMAN, the president of USA, to \u0130smet \u0130N\u00d6N\u00dc, the second president of Turkish Republic has being demonstrated in our 1<\/span>\n                      <span\n                        style=\"font-family: Arial, Arial_EmbeddedFont, Arial_MSFontService, sans-serif; font-size: 8.5pt;\">st<\/span><span style=\"font-family: Arial, Arial_EmbeddedFont, Arial_MSFontService, sans-serif; font-size: 11pt;\"> exhibition hall.&nbsp;<\/span><\/p>\n                    <p>\n                      <br>\n                    <\/p>\n                  <\/div>\n                <\/div>\n              <\/div>\n            <\/div>\n          <\/div>\n        <\/div>\n      <\/div>\n    <\/div>\n  <\/div>\n<\/div>","protected":false},"excerpt":{"rendered":"<p>AVAM consists of 4 exhibition rooms and an atelier. These sections were designed to provide a convenient studying area for veterinary students. Beside that the specimens were prepared and demonstrated coherent and aesthetically. Therefore anyone that visits the museum can understand easily.&nbsp; &nbsp;Specimens for osteology, arthrology, myology and then digestive, respiratory, urogenital and nervous systems [&hellip;]<\/p>\n","protected":false},"author":1,"featured_media":0,"parent":0,"menu_order":0,"comment_status":"closed","ping_status":"closed","template":"page-templates\/full-width-page.php","meta":{"footnotes":""},"class_list":["post-135","page","type-page","status-publish","hentry"],"_links":{"self":[{"href":"https:\/\/anatomimuze.com\/en\/wp-json\/wp\/v2\/pages\/135","targetHints":{"allow":["GET"]}}],"collection":[{"href":"https:\/\/anatomimuze.com\/en\/wp-json\/wp\/v2\/pages"}],"about":[{"href":"https:\/\/anatomimuze.com\/en\/wp-json\/wp\/v2\/types\/page"}],"author":[{"embeddable":true,"href":"https:\/\/anatomimuze.com\/en\/wp-json\/wp\/v2\/users\/1"}],"replies":[{"embeddable":true,"href":"https:\/\/anatomimuze.com\/en\/wp-json\/wp\/v2\/comments?post=135"}],"version-history":[{"count":3,"href":"https:\/\/anatomimuze.com\/en\/wp-json\/wp\/v2\/pages\/135\/revisions"}],"predecessor-version":[{"id":884,"href":"https:\/\/anatomimuze.com\/en\/wp-json\/wp\/v2\/pages\/135\/revisions\/884"}],"wp:attachment":[{"href":"https:\/\/anatomimuze.com\/en\/wp-json\/wp\/v2\/media?parent=135"}],"curies":[{"name":"wp","href":"https:\/\/api.w.org\/{rel}","templated":true}]}}